{"id":157,"date":"2024-11-18T10:11:26","date_gmt":"2024-11-18T10:11:26","guid":{"rendered":"https:\/\/ceste-pozega.hr\/?page_id=157"},"modified":"2024-11-18T10:16:02","modified_gmt":"2024-11-18T10:16:02","slug":"jacanje-konkurentnosti-2","status":"publish","type":"page","link":"https:\/\/ceste-pozega.hr\/index.php\/jacanje-konkurentnosti-2\/","title":{"rendered":"Ja\u010danje konkurentnosti"},"content":{"rendered":"\t\t<div data-elementor-type=\"wp-page\" data-elementor-id=\"157\" class=\"elementor elementor-157\" data-elementor-post-type=\"page\">\n\t\t\t\t<div class=\"elementor-element elementor-element-8dc5ea3 e-con-full e-flex e-con e-parent\" data-id=\"8dc5ea3\" data-element_type=\"container\" data-e-type=\"container\">\n\t\t\t\t<\/div>\n\t\t<div class=\"elementor-element elementor-element-0a76ab8 e-flex e-con-boxed e-con e-parent\" data-id=\"0a76ab8\" data-element_type=\"container\" data-e-type=\"container\">\n\t\t\t\t\t<div class=\"e-con-inner\">\n\t\t\t\t<div class=\"elementor-element elementor-element-2b9b5d5 elementor-widget elementor-widget-image\" data-id=\"2b9b5d5\" data-element_type=\"widget\" data-e-type=\"widget\" data-widget_type=\"image.default\">\n\t\t\t\t<div class=\"elementor-widget-container\">\n\t\t\t\t\t\t\t\t\t\t\t\t\t\t\t<img fetchpriority=\"high\" decoding=\"async\" width=\"600\" height=\"88\" src=\"https:\/\/ceste-pozega.hr\/wp-content\/uploads\/2024\/11\/elementi_vidljivosti_mali.png\" class=\"attachment-large size-large wp-image-52\" alt=\"\" srcset=\"https:\/\/ceste-pozega.hr\/wp-content\/uploads\/2024\/11\/elementi_vidljivosti_mali.png 600w, https:\/\/ceste-pozega.hr\/wp-content\/uploads\/2024\/11\/elementi_vidljivosti_mali-300x44.png 300w\" sizes=\"(max-width: 600px) 100vw, 600px\" \/>\t\t\t\t\t\t\t\t\t\t\t\t\t\t\t<\/div>\n\t\t\t\t<\/div>\n\t\t\t\t\t<\/div>\n\t\t\t\t<\/div>\n\t\t<div class=\"elementor-element elementor-element-c297612 e-flex e-con-boxed e-con e-parent\" data-id=\"c297612\" data-element_type=\"container\" data-e-type=\"container\">\n\t\t\t\t\t<div class=\"e-con-inner\">\n\t\t\t\t<div class=\"elementor-element elementor-element-5530701 elementor-widget elementor-widget-heading\" data-id=\"5530701\" data-element_type=\"widget\" data-e-type=\"widget\" data-widget_type=\"heading.default\">\n\t\t\t\t<div class=\"elementor-widget-container\">\n\t\t\t\t\t<h2 class=\"elementor-heading-title elementor-size-default\">Ja\u010danje konkurentnosti poduze\u0107a Ceste Po\u017eega d.o.o. ulaganjima u digitalnu i zelenu tranziciju<\/h2>\t\t\t\t<\/div>\n\t\t\t\t<\/div>\n\t\t\t\t\t<\/div>\n\t\t\t\t<\/div>\n\t\t<div class=\"elementor-element elementor-element-d3fb7e1 e-flex e-con-boxed e-con e-parent\" data-id=\"d3fb7e1\" data-element_type=\"container\" data-e-type=\"container\">\n\t\t\t\t\t<div class=\"e-con-inner\">\n\t\t\t\t<div class=\"elementor-element elementor-element-1ecf252 elementor-widget elementor-widget-text-editor\" data-id=\"1ecf252\" data-element_type=\"widget\" data-e-type=\"widget\" data-widget_type=\"text-editor.default\">\n\t\t\t\t<div class=\"elementor-widget-container\">\n\t\t\t\t\t\t\t\t\t<p><strong>Naziv projekta:\u00a0<\/strong><em>KK.11.1.1.01.0470 \u2013 Ja\u010danje konkurentnosti poduze\u0107a Ceste Po\u017eega d.o.o. ulaganjima u digitalnu i zelenu tranziciju<\/em><\/p><p><strong>Opis projekta<\/strong><em>: Projekt \u201cJa\u010danje konkurentnosti poduze\u0107a Ceste Po\u017eega d.o.o. ulaganjima u digitalnu i zelenu tranziciju\u201d\u00a0 odnosi se na investiciju u novu suvremenu opremu za obavljanje djelatnosti tvrtke, a provedbom aktivnosti edukacije i osposobljavanja za kori\u0161tenje nove opreme, stvorit \u0107e se nova znanja i vje\u0161tine koje \u0107e usvojiti zaposlenici poduze\u0107a u sklopu projekta te \u0107e osigurati odr\u017eivo izvr\u0161avanje poslovnih zadataka. Klju\u010dne aktivnosti projekta su ulaganje u materijalnu i nematerijalnu imovinu u cilju postizanja energetski u\u010dinkovitije i ekolo\u0161ki prihvatljivije proizvodnje te unaprje\u0111enje i inoviranje procesa i organizacije poslovanja<\/em>\u00a0<em>poduze\u0107a Ceste Po\u017eega d.o.o.<\/em><\/p><p><strong>Cilj projekta\u00a0<\/strong><em>je tranzicija poslovanja i pove\u0107anje konkurentnosti na doma\u0107em i stranim tr\u017ei\u0161tima ulaganjem u digitalne tehnologije u proizvodnji te uvo\u0111enjem inovativnih poslovnih modela.<\/em><\/p><p><strong>Rezultat projekta:\u00a0<\/strong><em>temeljita promjena ukupnog poslovanja prema modernom poslovanju utemeljenom na digitalnim i zelenim tehnologijama.<\/em>\u00a0<em>Projekt \u0107e rezultirati boljom pozicijom poduze\u0107a na tr\u017ei\u0161tu, rastom prihoda od prodaje te novim zapo\u0161ljavanjima. Projekt \u0107e doprinijeti energetskoj u\u010dinkovitosti u proizvodnji u\u0161tedom u potro\u0161nji energije i smanjenjem emisije ispu\u0161nih plinova u odnosu na postoje\u0107u tehnologiju.<\/em><\/p><p><strong>Ukupna vrijednost projekta: 1.494.816,83 \u20ac<\/strong><\/p><p><strong>Iznos EU potpore: 509.738,65 \u20ac<\/strong><\/p><p><strong>Razdoblje provedbe projekta:\u00a0<\/strong><em>01.10.2021. \u2013 31.12.2023.<\/em><\/p><p><strong>Kontakt osoba:\u00a0<\/strong><em>Katarina Lisjak, TEMPO savjetovanje d.o.o. (<\/em><a href=\"https:\/\/temposavjetovanje.hr\/\"><em>https:\/\/temposavjetovanje.hr\/<\/em><\/a><em>)<\/em><\/p><p><em>\u00a0<\/em><\/p><p><strong><em>Europski strukturni i investicijski fondovi:<\/em><\/strong>\u00a0<a href=\"https:\/\/strukturnifondovi.hr\/\"><em>https:\/\/strukturnifondovi.hr\/<\/em><\/a><\/p><p><strong>\u00a0<\/strong><\/p><p><strong><em>Projekt je sufinancirala Europska unija iz Europskog fonda za regionalni razvoj (ERDF)<\/em><\/strong><\/p>\t\t\t\t\t\t\t\t<\/div>\n\t\t\t\t<\/div>\n\t\t\t\t\t<\/div>\n\t\t\t\t<\/div>\n\t\t\t\t<\/div>\n\t\t","protected":false},"excerpt":{"rendered":"<p>Ja\u010danje konkurentnosti poduze\u0107a Ceste Po\u017eega d.o.o. ulaganjima u digitalnu i zelenu tranziciju Naziv projekta:\u00a0KK.11.1.1.01.0470 \u2013 Ja\u010danje konkurentnosti poduze\u0107a Ceste Po\u017eega [&hellip;]<\/p>\n","protected":false},"author":1,"featured_media":0,"parent":0,"menu_order":0,"comment_status":"closed","ping_status":"closed","template":"","meta":{"site-sidebar-layout":"no-sidebar","site-content-layout":"","ast-site-content-layout":"full-width-container","site-content-style":"default","site-sidebar-style":"default","ast-global-header-display":"","ast-banner-title-visibility":"","ast-main-header-display":"","ast-hfb-above-header-display":"","ast-hfb-below-header-display":"","ast-hfb-mobile-header-display":"","site-post-title":"disabled","ast-breadcrumbs-content":"","ast-featured-img":"disabled","footer-sml-layout":"","theme-transparent-header-meta":"","adv-header-id-meta":"","stick-header-meta":"","header-above-stick-meta":"","header-main-stick-meta":"","header-below-stick-meta":"","astra-migrate-meta-layouts":"default","ast-page-background-enabled":"default","ast-page-background-meta":{"desktop":{"background-color":"var(--ast-global-color-4)","background-image":"","background-repeat":"repeat","background-position":"center center","background-size":"auto","background-attachment":"scroll","background-type":"","background-media":"","overlay-type":"","overlay-color":"","overlay-opacity":"","overlay-gradient":""},"tablet":{"background-color":"","background-image":"","background-repeat":"repeat","background-position":"center center","background-size":"auto","background-attachment":"scroll","background-type":"","background-media":"","overlay-type":"","overlay-color":"","overlay-opacity":"","overlay-gradient":""},"mobile":{"background-color":"","background-image":"","background-repeat":"repeat","background-position":"center center","background-size":"auto","background-attachment":"scroll","background-type":"","background-media":"","overlay-type":"","overlay-color":"","overlay-opacity":"","overlay-gradient":""}},"ast-content-background-meta":{"desktop":{"background-color":"var(--ast-global-color-5)","background-image":"","background-repeat":"repeat","background-position":"center center","background-size":"auto","background-attachment":"scroll","background-type":"","background-media":"","overlay-type":"","overlay-color":"","overlay-opacity":"","overlay-gradient":""},"tablet":{"background-color":"var(--ast-global-color-5)","background-image":"","background-repeat":"repeat","background-position":"center center","background-size":"auto","background-attachment":"scroll","background-type":"","background-media":"","overlay-type":"","overlay-color":"","overlay-opacity":"","overlay-gradient":""},"mobile":{"background-color":"var(--ast-global-color-5)","background-image":"","background-repeat":"repeat","background-position":"center center","background-size":"auto","background-attachment":"scroll","background-type":"","background-media":"","overlay-type":"","overlay-color":"","overlay-opacity":"","overlay-gradient":""}},"footnotes":""},"class_list":["post-157","page","type-page","status-publish","hentry"],"_links":{"self":[{"href":"https:\/\/ceste-pozega.hr\/index.php\/wp-json\/wp\/v2\/pages\/157","targetHints":{"allow":["GET"]}}],"collection":[{"href":"https:\/\/ceste-pozega.hr\/index.php\/wp-json\/wp\/v2\/pages"}],"about":[{"href":"https:\/\/ceste-pozega.hr\/index.php\/wp-json\/wp\/v2\/types\/page"}],"author":[{"embeddable":true,"href":"https:\/\/ceste-pozega.hr\/index.php\/wp-json\/wp\/v2\/users\/1"}],"replies":[{"embeddable":true,"href":"https:\/\/ceste-pozega.hr\/index.php\/wp-json\/wp\/v2\/comments?post=157"}],"version-history":[{"count":4,"href":"https:\/\/ceste-pozega.hr\/index.php\/wp-json\/wp\/v2\/pages\/157\/revisions"}],"predecessor-version":[{"id":161,"href":"https:\/\/ceste-pozega.hr\/index.php\/wp-json\/wp\/v2\/pages\/157\/revisions\/161"}],"wp:attachment":[{"href":"https:\/\/ceste-pozega.hr\/index.php\/wp-json\/wp\/v2\/media?parent=157"}],"curies":[{"name":"wp","href":"https:\/\/api.w.org\/{rel}","templated":true}]}}